{"id":10220,"date":"2023-12-17T20:33:15","date_gmt":"2023-12-17T20:33:15","guid":{"rendered":"https:\/\/drfurithemes.com\/mrbara\/?page_id=9"},"modified":"2023-12-18T02:36:35","modified_gmt":"2023-12-18T02:36:35","slug":"politica-de-privacidad","status":"publish","type":"page","link":"https:\/\/grizzlybear.studio56.cl\/index.php\/politica-de-privacidad\/","title":{"rendered":"POL\u00cdTICA DE PRIVACIDAD"},"content":{"rendered":"<div class=\"wpb-content-wrapper\"><p>[vc_row][vc_column width=&#8221;1\/4&#8243;][\/vc_column][vc_column width=&#8221;1\/2&#8243;][vc_toggle title=&#8221;SEGURIDAD E INFORMACI\u00d3N&#8221;]<\/p>\n<p>La experiencia de comprar en www.grizzlybear.cl es c\u00f3moda, f\u00e1cil y segura. La empresa trabaja con altos est\u00e1ndares de seguridad, por lo tanto, toda la informaci\u00f3n que los usuarios registran en el sitio se guardan y mantienen de forma confidencial.<\/p>\n<p>[\/vc_toggle][vc_empty_space][vc_toggle title=&#8221;DECLARACI\u00d3N DE PRIVACIDAD&#8221;]<\/p>\n<p>Grizzlybear no comparte con terceros los datos personales registrados por sus usuarios en el sitio. Sin embargo, esta informaci\u00f3n podr\u00e1 ser utilizada por la empresa no solo para realizar el despacho de productos, si no para fines estad\u00edsticos y para obtener una mejor comprensi\u00f3n del perfil de sus usuarios. Todo con el fin de mejorar la experiencia y los servicios que el sitio ofrece.<\/p>\n<p>[\/vc_toggle][vc_empty_space][vc_toggle title=&#8221;INFORMACI\u00d3N DEL USUARIO&#8221;]<\/p>\n<p>Al registrarse el sitio s\u00f3lo te solicitaremos aquella informaci\u00f3n relevante para crear una cuenta. Al momento de efectuar una compra es necesario pedir la informaci\u00f3n personal para el pago del producto y su env\u00edo. Bajo ninguna circunstancia esta informaci\u00f3n ser\u00e1 compartida o transmitida a terceros ajenos a la compa\u00f1\u00eda. Grizzlybear no almacena la informaci\u00f3n de la tarjeta de cr\u00e9dito o de las cuentas del usuario, ya que todo el proceso de pago se realiza a trav\u00e9s de la pasarela de pago.<\/p>\n<p>[\/vc_toggle][vc_empty_space][vc_toggle title=&#8221;DATOS PERSONALES&#8221;]<\/p>\n<p>Grizzlybear entrega a sus usuarios, la posibilidad de contactar el equipo de soporte a trav\u00e9s del correo;\u00a0<a href=\"mailto:info@grizzlybear.studio56.cl\">info@grizzlybear.studio56.cl<\/a>, \u00a0en el caso de necesitar ayuda con su cuenta. Dentro de la p\u00e1gina se puede encontrar tambi\u00e9n, el sistema de pasos simples para modificar y\/o corregir tus datos personales.<\/p>\n<p>[\/vc_toggle][vc_empty_space][vc_toggle title=&#8221;ENV\u00cdO DE NEWSLETTER&#8221;]En cualquier momento te puedes suscribir a los newsletters de GRIZZLYBEAR. Podr\u00e1s suspender la inscripci\u00f3n de \u00e9ste haciendo \u201cclick\u201d en el link dispuesto para ello. La empresa puede tardar hasta siete d\u00edas en suspender la suscripci\u00f3n.[\/vc_toggle][vc_empty_space][vc_toggle title=&#8221;ENV\u00cdO DE NEWSLETTER&#8221;]En cualquier momento te puedes suscribir a los newsletters de GRIZZLYBEAR. Podr\u00e1s suspender la inscripci\u00f3n de \u00e9ste haciendo \u201cclick\u201d en el link dispuesto para ello. La empresa puede tardar hasta siete d\u00edas en suspender la suscripci\u00f3n.[\/vc_toggle][vc_empty_space][vc_toggle title=&#8221;PROPIEDAD DE LA INFORMACI\u00d3N&#8221;]Toda la informaci\u00f3n del sitio es propiedad de GRIZZLYBEAR, por lo tanto, no se puede modificar, extraer, copiar o utilizar de otra manera, sin el consentimiento previo de la empresa. De esta manera, la persona que acceda al sitio es consciente que el mal uso de la informaci\u00f3n puede derivar en la presentaci\u00f3n de acciones legales, civiles y penales.[\/vc_toggle][vc_empty_space][vc_toggle title=&#8221;TARJETA DE CR\u00c9DITO \/ D\u00c9BITO E INFORMACI\u00d3N PARA COMPRAS&#8221;]Para proporcionar a nuestros clientes una multitud de opciones de m\u00e9todos de pago de tarjeta de cr\u00e9dito, cuentas bancarias o redes de pago, utilizamos la pasarela de pago Mercado Pago. Independientemente de la opci\u00f3n que se elija en el proceso de pago, la informaci\u00f3n es recopilada de forma confidencial por la pasarela de pago. En ning\u00fan momento recopilamos o almacenamos n\u00fameros de tarjetas de cr\u00e9dito o cuentas bancarias, en nuestros sistemas y en ning\u00fan momento tenemos acceso a esta informaci\u00f3n.<\/p>\n<p>GRIZZLYBEAR utiliza la informaci\u00f3n que nos proporcionas al realizar un pedido s\u00f3lo para enviar el producto y confirmar la entrega. S\u00f3lo compartimos la informaci\u00f3n b\u00e1sica con los courriers, para realizar el env\u00edo de los productos. Las direcciones de correo electr\u00f3nico no se comparten, ni se utilizan para ning\u00fan otro prop\u00f3sito, m\u00e1s all\u00e1 que para permitir la comunicaci\u00f3n entre\u00a0GRIZZLYBEAR\u00a0y sus clientes.<\/p>\n<p>Puedes registrarte, en nuestro sitio web, para recibir actualizaciones sobre nuestros nuevos productos y servicios.\u00a0GRIZZLYBEAR\u00a0nunca comparte la informaci\u00f3n de identificaci\u00f3n personal que se nos proporcionas, y siempre brindamos la oportunidad de optar por no recibir informaci\u00f3n o participar en nuestras campa\u00f1as de mercadeo.[\/vc_toggle][vc_empty_space][vc_toggle title=&#8221;DATOS PERSONALES, DATOS DE USO Y COOKIES&#8221;]GRIZZLYBEAR\u00a0recopila datos de navegaci\u00f3n a trav\u00e9s de cookies y utiliza a otros proveedores para mejorar la experiencia del sitio y facilitar nuestras pr\u00e1cticas comerciales. Los proveedores incluyen entre otros:<\/p>\n<ul>\n<li>Google Analytics, Mailchimp, Shopify: datos personales, cookies y datos de uso.<\/li>\n<li>Bot\u00f3n Me gusta de Facebook y widgets sociales, Twitter e Instagram: interacci\u00f3n con redes y plataformas sociales externas, datos de uso y cookies.<\/li>\n<\/ul>\n<p>Siempre te damos control sobre los datos que compartes en estas plataformas. Puedes darte de baja de nuestra lista de correo electr\u00f3nico en cualquier momento o actualizar tu informaci\u00f3n comunic\u00e1ndote con nuestro equipo.[\/vc_toggle][vc_empty_space][vc_toggle title=&#8221;M\u00c1S INFORMACI\u00d3N SOBRE LAS COOKIES&#8221;]A medida que navegas por\u00a0www.grizzlybear.cl, se colocaremos cookies publicitarias para que podamos entender tus inter\u00e9s para luego presentarte anuncios de retargeting en otros sitios web, tomando como base tu interacci\u00f3n previa con nuestro sitio web. Nuestros socios de publicidad (Facebook y Google Adwords) no recopilan informaci\u00f3n personal, como tu nombre, direcci\u00f3n de correo electr\u00f3nico, direcci\u00f3n f\u00edsica o n\u00famero de tel\u00e9fono. Solo recopilan algunos datos demogr\u00e1ficos e informaci\u00f3n de tus intereses.<\/p>\n<p>Gracias por tomarte el tiempo para leer nuestra pol\u00edtica de privacidad.\u00a0GRIZZLYBEAR\u00a0te desea una gran experiencia de compra. Si tienes alguna pregunta no dudes en ponerte en contacto con nosotros en la direcci\u00f3n que aparece debajo en la secci\u00f3n Cont\u00e1ctanos.[\/vc_toggle][\/vc_column][vc_column width=&#8221;1\/4&#8243;][\/vc_column][\/vc_row]<\/p>\n<\/div>","protected":false},"excerpt":{"rendered":"<p>[vc_row][vc_column width=&#8221;1\/4&#8243;][\/vc_column][vc_column width=&#8221;1\/2&#8243;][vc_toggle title=&#8221;SEGURIDAD E INFORMACI\u00d3N&#8221;] La experiencia de comprar en www.grizzlybear.cl es c\u00f3moda, f\u00e1cil y segura. La empresa trabaja con altos est\u00e1ndares de seguridad, por lo tanto, toda la&hellip;<\/p>\n","protected":false},"author":1,"featured_media":0,"parent":0,"menu_order":0,"comment_status":"closed","ping_status":"closed","template":"","meta":{"_joinchat":[],"footnotes":""},"class_list":["post-10220","page","type-page","status-publish","hentry"],"_links":{"self":[{"href":"https:\/\/grizzlybear.studio56.cl\/index.php\/wp-json\/wp\/v2\/pages\/10220","targetHints":{"allow":["GET"]}}],"collection":[{"href":"https:\/\/grizzlybear.studio56.cl\/index.php\/wp-json\/wp\/v2\/pages"}],"about":[{"href":"https:\/\/grizzlybear.studio56.cl\/index.php\/wp-json\/wp\/v2\/types\/page"}],"author":[{"embeddable":true,"href":"https:\/\/grizzlybear.studio56.cl\/index.php\/wp-json\/wp\/v2\/users\/1"}],"replies":[{"embeddable":true,"href":"https:\/\/grizzlybear.studio56.cl\/index.php\/wp-json\/wp\/v2\/comments?post=10220"}],"version-history":[{"count":4,"href":"https:\/\/grizzlybear.studio56.cl\/index.php\/wp-json\/wp\/v2\/pages\/10220\/revisions"}],"predecessor-version":[{"id":10257,"href":"https:\/\/grizzlybear.studio56.cl\/index.php\/wp-json\/wp\/v2\/pages\/10220\/revisions\/10257"}],"wp:attachment":[{"href":"https:\/\/grizzlybear.studio56.cl\/index.php\/wp-json\/wp\/v2\/media?parent=10220"}],"curies":[{"name":"wp","href":"https:\/\/api.w.org\/{rel}","templated":true}]}}