{"id":10605,"date":"2024-01-31T03:07:40","date_gmt":"2024-01-31T03:07:40","guid":{"rendered":"https:\/\/grizzlybear.studio56.cl\/?page_id=10605"},"modified":"2024-02-09T13:46:59","modified_gmt":"2024-02-09T13:46:59","slug":"informe-de-analisis-grizzlybear","status":"publish","type":"page","link":"https:\/\/grizzlybear.studio56.cl\/index.php\/informe-de-analisis-grizzlybear\/","title":{"rendered":"Informe de An\u00e1lisis GrizzlyBear"},"content":{"rendered":"<div class=\"wpb-content-wrapper\"><p>[vc_row][vc_column][vc_cta h2=&#8221;Informe de An\u00e1lisis GrizzlyBear&#8221; txt_align=&#8221;center&#8221; style=&#8221;custom&#8221; custom_background=&#8221;#000000&#8243; custom_text=&#8221;#fcfcfc&#8221;]<\/p>\n<p style=\"text-align: center;\">GRIZZLYBEAR deja a su disposici\u00f3n algunos de nuestros an\u00e1lisis realizados en diferentes laboratorios de nuestros productos para transparentar nuestras composiciones y dar as\u00ed la mejor experiencia para tus objetivos.<\/p>\n<p>[\/vc_cta][\/vc_column][\/vc_row][vc_row][vc_column][vc_raw_html]JTVCcmVhbDNkZmxpcGJvb2slMjBpZCUzRCUyNzElMjclNUQ=[\/vc_raw_html][\/vc_column][\/vc_row]<\/p>\n<\/div>","protected":false},"excerpt":{"rendered":"<p>[vc_row][vc_column][vc_cta h2=&#8221;Informe de An\u00e1lisis GrizzlyBear&#8221; txt_align=&#8221;center&#8221; style=&#8221;custom&#8221; custom_background=&#8221;#000000&#8243; custom_text=&#8221;#fcfcfc&#8221;] GRIZZLYBEAR deja a su disposici\u00f3n algunos de nuestros an\u00e1lisis realizados en diferentes laboratorios de nuestros productos para transparentar nuestras composiciones y&hellip;<\/p>\n","protected":false},"author":1,"featured_media":0,"parent":0,"menu_order":0,"comment_status":"closed","ping_status":"closed","template":"","meta":{"_joinchat":[],"footnotes":""},"class_list":["post-10605","page","type-page","status-publish","hentry"],"_links":{"self":[{"href":"https:\/\/grizzlybear.studio56.cl\/index.php\/wp-json\/wp\/v2\/pages\/10605","targetHints":{"allow":["GET"]}}],"collection":[{"href":"https:\/\/grizzlybear.studio56.cl\/index.php\/wp-json\/wp\/v2\/pages"}],"about":[{"href":"https:\/\/grizzlybear.studio56.cl\/index.php\/wp-json\/wp\/v2\/types\/page"}],"author":[{"embeddable":true,"href":"https:\/\/grizzlybear.studio56.cl\/index.php\/wp-json\/wp\/v2\/users\/1"}],"replies":[{"embeddable":true,"href":"https:\/\/grizzlybear.studio56.cl\/index.php\/wp-json\/wp\/v2\/comments?post=10605"}],"version-history":[{"count":15,"href":"https:\/\/grizzlybear.studio56.cl\/index.php\/wp-json\/wp\/v2\/pages\/10605\/revisions"}],"predecessor-version":[{"id":10643,"href":"https:\/\/grizzlybear.studio56.cl\/index.php\/wp-json\/wp\/v2\/pages\/10605\/revisions\/10643"}],"wp:attachment":[{"href":"https:\/\/grizzlybear.studio56.cl\/index.php\/wp-json\/wp\/v2\/media?parent=10605"}],"curies":[{"name":"wp","href":"https:\/\/api.w.org\/{rel}","templated":true}]}}