{"id":12,"date":"2023-12-17T05:15:51","date_gmt":"2023-12-17T05:15:51","guid":{"rendered":"https:\/\/grizzlybear.studio56.cl\/?page_id=12"},"modified":"2023-12-17T05:25:21","modified_gmt":"2023-12-17T05:25:21","slug":"politica-de-envio","status":"publish","type":"page","link":"https:\/\/grizzlybear.studio56.cl\/index.php\/politica-de-envio\/","title":{"rendered":"POL\u00cdTICA DE ENV\u00cdO"},"content":{"rendered":"<div class=\"wpb-content-wrapper\"><p>[vc_row][vc_column width=&#8221;1\/4&#8243;][\/vc_column][vc_column width=&#8221;1\/2&#8243;][vc_toggle title=&#8221;DESPACHO COMPRAS ONLINE&#8221;]El plazo de entrega comienza una vez realizado el pago. El env\u00edo debe ser cancelado por el usuario cliente,\u00a0el cual es calculado al momento de realizar la compra seg\u00fan\u00a0el lugar de despacho.[\/vc_toggle][vc_empty_space][vc_toggle title=&#8221;PLAZOS DE ENTREGA&#8221;]<\/p>\n<div>Santiago: Despacho solo los d\u00edas h\u00e1biles (Lunes a Viernes, excepto feriados) de 09:00 a 22:00 horas. Tiempo de env\u00edo: 2 a 5 d\u00edas h\u00e1biles.\u00a0Resto de Ciudades:\u00a0Despacho solo los d\u00edas h\u00e1biles\u00a0(Lunes a Viernes, excepto feriados) de 09:00 a 22:00 horas.\u00a0Tiempo de env\u00edo: 3 a 7 d\u00edas h\u00e1biles.<\/div>\n<p>[\/vc_toggle][vc_empty_space][vc_toggle title=&#8221;\u00bfTienes m\u00e1s dudas? &#8220;]Escr\u00edbenos a <a href=\"mailto:hola@grizzlybear.studio56.cl\">hola@grizzlybear.studio56.cl<\/a> o cont\u00e1ctate v\u00eda WhatsApp al +56 9 5305 2857.[\/vc_toggle][vc_empty_space][\/vc_column][vc_column width=&#8221;1\/4&#8243;][\/vc_column][\/vc_row]<\/p>\n<\/div>","protected":false},"excerpt":{"rendered":"<p>[vc_row][vc_column width=&#8221;1\/4&#8243;][\/vc_column][vc_column width=&#8221;1\/2&#8243;][vc_toggle title=&#8221;DESPACHO COMPRAS ONLINE&#8221;]El plazo de entrega comienza una vez realizado el pago. El env\u00edo debe ser cancelado por el usuario cliente,\u00a0el cual es calculado al momento de&hellip;<\/p>\n","protected":false},"author":1,"featured_media":0,"parent":0,"menu_order":0,"comment_status":"closed","ping_status":"closed","template":"","meta":{"_joinchat":[],"footnotes":""},"class_list":["post-12","page","type-page","status-publish","hentry"],"_links":{"self":[{"href":"https:\/\/grizzlybear.studio56.cl\/index.php\/wp-json\/wp\/v2\/pages\/12","targetHints":{"allow":["GET"]}}],"collection":[{"href":"https:\/\/grizzlybear.studio56.cl\/index.php\/wp-json\/wp\/v2\/pages"}],"about":[{"href":"https:\/\/grizzlybear.studio56.cl\/index.php\/wp-json\/wp\/v2\/types\/page"}],"author":[{"embeddable":true,"href":"https:\/\/grizzlybear.studio56.cl\/index.php\/wp-json\/wp\/v2\/users\/1"}],"replies":[{"embeddable":true,"href":"https:\/\/grizzlybear.studio56.cl\/index.php\/wp-json\/wp\/v2\/comments?post=12"}],"version-history":[{"count":4,"href":"https:\/\/grizzlybear.studio56.cl\/index.php\/wp-json\/wp\/v2\/pages\/12\/revisions"}],"predecessor-version":[{"id":10250,"href":"https:\/\/grizzlybear.studio56.cl\/index.php\/wp-json\/wp\/v2\/pages\/12\/revisions\/10250"}],"wp:attachment":[{"href":"https:\/\/grizzlybear.studio56.cl\/index.php\/wp-json\/wp\/v2\/media?parent=12"}],"curies":[{"name":"wp","href":"https:\/\/api.w.org\/{rel}","templated":true}]}}