{"id":2000,"date":"2015-03-19T18:11:33","date_gmt":"2015-03-19T18:11:33","guid":{"rendered":"http:\/\/demo.drfuri.com\/mrbara\/?page_id=2000"},"modified":"2023-12-18T02:40:22","modified_gmt":"2023-12-18T02:40:22","slug":"term-conditions","status":"publish","type":"page","link":"https:\/\/grizzlybear.studio56.cl\/index.php\/term-conditions\/","title":{"rendered":"T\u00c9RMINOS DEL SERVICIO"},"content":{"rendered":"<div class=\"wpb-content-wrapper\"><p>[vc_row][vc_column]<div class=\"mrbara-heading    vc_custom_1702867219119 text-small heading-style6\"><div class=\"row\"><div class=\"col-md-1 col-sm-1 col-xs-2 col-xs-offset-1 col-md-offset-1 col-sm-offset-1 col-left\"><div class=\"mr-vertical-line\" ><\/div><\/div><div class=\"col-md-8 col-sm-8 col-xs-8 col-xs-offset-1 col-md-offset-2 col-sm-offset-2 col-right\"><div class=\"title\" style=\"font-size:18px\"><p><span class=\"primary-color\">T\u00c9RMINOS DEL SERVICIO<\/span><\/p>\n<\/div><\/div><\/div><\/div>[\/vc_column][\/vc_row][vc_row][vc_column width=&#8221;2\/12&#8243;][\/vc_column][vc_column width=&#8221;8\/12&#8243;][vc_empty_space][vc_toggle title=&#8221;Ingresar a este Sitio constituir\u00e1 su aceptaci\u00f3n de estos T\u00e9rminos y Condiciones.&#8221; style=&#8221;text_only&#8221; size=&#8221;lg&#8221; open=&#8221;true&#8221; el_id=&#8221;1464939184208-3761b6d5-e09b&#8221;]LEA ESTOS T\u00c9RMINOS Y CONDICIONES CUIDADOSAMENTE. PODR\u00cdAN CAMBIAR DESDE SU \u00daLTIMA VISITA A ESTE SITIO. SU USO DE ESTE SITIO CONSTITUYE SU ACEPTACI\u00d3N DE ESTOS T\u00c9RMINOS Y CONDICIONES, Y CUALQUIER CAMBIO A ESTOS T\u00c9RMINOS Y CONDICIONES DESPU\u00c9S DE QUE SE HAN PUBLICADO. NO USE ESTE SITIO SI NO ACEPTA ESTOS T\u00c9RMINOS Y CONDICIONES. NOS RESERVAMOS EL DERECHO DE CAMBIAR ESTOS T\u00c9RMINOS Y CONDICIONES EN CUALQUIER MOMENTO, COMO VEMOS ADECUADO.<\/p>\n<p>Informaci\u00f3n del cliente: GRIZZLYBEAR actualmente no alquila, vende ni reenv\u00eda su nombre a otras compa\u00f1\u00edas a menos que se indique espec\u00edficamente en el formulario de registro o en la p\u00e1gina del concurso.<\/p>\n<p>Precios, especificaciones y disponibilidad: Todos los precios est\u00e1n en pesos chilenos. Los precios, las especificaciones y la disponibilidad de los productos est\u00e1n sujetos a cambios sin previo aviso. Debido a la naturaleza cambiante del mercado de productos electr\u00f3nicos, las descripciones de los productos pueden no reflejar la informaci\u00f3n t\u00e9cnica actual, y no podemos ser responsables de las diferencias fotogr\u00e1ficas en el tama\u00f1o, la forma y el color del producto.<\/p>\n<p>Los pedidos de\u00a0GRIZZLYBEAR\u00a0generan un correo electr\u00f3nico de confirmaci\u00f3n autom\u00e1tico, pero el recibo de una confirmaci\u00f3n solo significa que hemos recibido su pedido y no constituye una oferta de venta. Podemos cambiar nuestros precios, la descripci\u00f3n del producto o las especificaciones despu\u00e9s de cualquier correo electr\u00f3nico de confirmaci\u00f3n, pero antes del env\u00edo, debido a errores, condiciones de mercado cambiantes, descontinuaci\u00f3n o indisponibilidad del producto, errores tipogr\u00e1ficos o cualquier otra raz\u00f3n. Nos reservamos el derecho de limitar la cantidad de cualquier art\u00edculo vendido o prohibir una venta por completo.<\/p>\n<p>Le notificaremos cualquier correcci\u00f3n o cambio en su pedido y no lo completaremos hasta que tengamos su aprobaci\u00f3n. Estimamos que su pedido se enviar\u00e1 en un plazo de dos d\u00edas h\u00e1biles para pedidos con la excepci\u00f3n de pedidos anticipados, pedidos atrasados \u200b\u200bu ofertas especiales. Los precios publicados no incluyen el env\u00edo, el impuesto sobre las ventas y el seguro. Estamos obligados por ley a recaudar impuestos sobre las ventas en todos los env\u00edos dentro de Chile.<\/p>\n<p>Garant\u00eda:\u00a0GRIZZLYBEAR\u00a0garantiza que nuestros productos estar\u00e1n libres de defectos en los materiales y la mano de obra por un per\u00edodo de 36 meses, seg\u00fan el producto. No ofrecemos ninguna otra garant\u00eda, expresa o impl\u00edcita, y cualquier garant\u00eda impl\u00edcita de comercializaci\u00f3n o adecuaci\u00f3n para un prop\u00f3sito particular que exceda la garant\u00eda anterior se renuncia a este documento.<\/p>\n<p>Limitaci\u00f3n de responsabilidad: En ning\u00fan caso,\u00a0GRIZZLYBEAR, sus subsidiarias o afiliadas, o sus respectivos socios, funcionarios, directores, empleados, accionistas, representantes o agentes (colectivamente, &#8220;GRIZZLYBEAR&#8221;) ser\u00e1n responsables de los da\u00f1os directos, especiales, incidentales, consecuentes, punitivos o Da\u00f1os indirectos (incluidos, entre otros, la p\u00e9rdida de datos, el uso o las ganancias), independientemente de la causa, ya sea por incumplimiento de contrato, negligencia o de otro tipo, y si se ha informado o no a\u00a0GRIZZLYBEAR\u00a0de la posibilidad de tales da\u00f1os. Usted acepta que la responsabilidad m\u00e1xima de\u00a0GRIZZLYBEAR\u00a0derivada de cualquier producto vendido por\u00a0GRIZZLYBEAR\u00a0no deber\u00e1 exceder el precio de dicho producto.<\/p>\n<p>Atenci\u00f3n al cliente:\u00a0GRIZZLYBEAR\u00a0se complace en ofrecer sugerencias sobre el uso de sus diversos productos. Sin embargo,\u00a0GRIZZLYBEAR\u00a0no asume ninguna responsabilidad por omisiones o errores, ni asume la responsabilidad por los da\u00f1os que resulten del uso de sus productos de acuerdo con la informaci\u00f3n proporcionada por\u00a0GRIZZLYBEAR, ya sea verbal o escrita.\u00a0GRIZZLYBEAR\u00a0solo garantiza que las piezas fabricadas ser\u00e1n las especificadas y libres de defectos. Ning\u00fan consejo o informaci\u00f3n, ya sea oral o escrita, obtenida por los clientes de\u00a0GRIZZLYBEAR\u00a0crear\u00e1 ninguna garant\u00eda que no est\u00e9 expresamente establecida en los t\u00e9rminos de la garant\u00eda original. Toda la informaci\u00f3n, instrucciones y recomendaciones en este sitio web se ofrecen estrictamente &#8220;como est\u00e1n&#8221;;. Este material se ofrece como un recurso p\u00fablico gratuito, sin ninguna garant\u00eda, expresa o impl\u00edcita.<\/p>\n<p>Limitaci\u00f3n de responsabilidad: Los recursos del comprador aqu\u00ed establecidos son exclusivos y la responsabilidad total de\u00a0GRIZZLYBEAR\u00a0con respecto a sus productos, ya sea por contrato, garant\u00eda, negligencia, indemnizaci\u00f3n, responsabilidad estricta o de otro tipo, no exceder\u00e1 el precio de compra del componente sobre el cual Es basado. En ning\u00fan caso,\u00a0GRIZZLYBEAR\u00a0ser\u00e1 responsable por da\u00f1os emergentes, incidentales o especiales.<\/p>\n<p>Enlaces a sitios de terceros: Proporcionamos enlaces a sitios de terceros para su conveniencia. La inclusi\u00f3n de cualquier enlace no implica nuestra aprobaci\u00f3n del sitio. Cuando se vincula a un sitio de terceros, abandona el sitio de\u00a0GRIZZLYBEAR. Los sitios vinculados no est\u00e1n bajo nuestro control y no somos responsables por el contenido de ning\u00fan sitio vinculado o cualquier enlace contenido en un sitio vinculado. Descargo de responsabilidad de la garant\u00eda de uso del sitio de audio de\u00a0GRIZZLYBEAR:\u00a0GRIZZLYBEAR\u00a0proporciona este sitio y su contenido &#8220;TAL CUAL&#8221;. No ofrecemos ninguna garant\u00eda o representaci\u00f3n en relaci\u00f3n con este sitio, ya sea expl\u00edcita o impl\u00edcita, incluidas las garant\u00edas de comercializaci\u00f3n, idoneidad para un prop\u00f3sito en particular y no infracci\u00f3n. Limitaci\u00f3n de responsabilidad por el uso del sitio de audio de\u00a0GRIZZLYBEAR\u00a0no es responsable de ning\u00fan da\u00f1o especial, incidental, consecuente, punitivo o de otro tipo que se derive del uso o la imposibilidad de usar este sitio o su contenido, incluso si se nos ha informado de la posibilidad de tales da\u00f1os y perjuicios.<\/p>\n<p>Ley que rige: Este sitio es operado desde Santiago de Chile. No declaramos que el contenido de este sitio sea legal o apropiado para su uso fuera de Chile. Este acuerdo se rige e interpreta de acuerdo con las leyes de nuestro pa\u00eds, tal como se aplica a los acuerdos suscritos y ejecutados. Cualquier acci\u00f3n presentada para hacer cumplir este acuerdo o asuntos relacionados con este sitio se presentar\u00e1n en los tribunales de la rep\u00fablica Chilena; siempre que, sin embargo, tengamos el derecho de iniciar procedimientos judiciales contra cualquier persona en cualquier otra jurisdicci\u00f3n para hacer valer nuestros derechos en virtud de este acuerdo a trav\u00e9s de cumplimiento espec\u00edfico, orden judicial, reforma del contrato o similar alivio equitativo. Si alguna disposici\u00f3n de este acuerdo es inaplicable por cualquier motivo, esa disposici\u00f3n se eliminar\u00e1 de este acuerdo y las disposiciones restantes de este acuerdo permanecer\u00e1n en pleno vigor y efecto. Este acuerdo constituye el acuerdo completo entre usted y\u00a0GRIZZLYBEAR\u00a0con respecto a su uso de este sitio.<\/p>\n<p>Fraude en Internet: con el fin de prevenir el fraude en Internet,\u00a0GRIZZLYBEAR\u00a0se reserva el derecho de rechazar el env\u00edo de cualquier pedido que se env\u00ede con una direcci\u00f3n de correo electr\u00f3nico no rastreable o gratuita, o un n\u00famero de tel\u00e9fono no v\u00e1lido.<\/p>\n<p>Comentarios y preguntas: Agradecemos sus comentarios sobre nuestro sitio. Sin embargo, cualquier comentario, idea, sugerencia u otras comunicaciones enviadas al sitio pasar\u00e1n a ser propiedad exclusiva de\u00a0GRIZZLYBEAR, y podremos usar dichas comunicaciones de cualquier manera, incluso reproducirlas, divulgarlas y publicarlas, sin compensaci\u00f3n para usted. Si tiene alguna pregunta o queja, utilice el enlace Cont\u00e1ctenos en el men\u00fa de informaci\u00f3n.[\/vc_toggle][\/vc_column][vc_column width=&#8221;2\/12&#8243;][\/vc_column][\/vc_row]<\/p>\n<\/div>","protected":false},"excerpt":{"rendered":"<p>[vc_row][vc_column][\/vc_column][\/vc_row][vc_row][vc_column width=&#8221;2\/12&#8243;][\/vc_column][vc_column width=&#8221;8\/12&#8243;][vc_empty_space][vc_toggle title=&#8221;Ingresar a este Sitio constituir\u00e1 su aceptaci\u00f3n de estos T\u00e9rminos y Condiciones.&#8221; style=&#8221;text_only&#8221; size=&#8221;lg&#8221; open=&#8221;true&#8221; el_id=&#8221;1464939184208-3761b6d5-e09b&#8221;]LEA ESTOS T\u00c9RMINOS Y CONDICIONES CUIDADOSAMENTE. PODR\u00cdAN CAMBIAR DESDE SU \u00daLTIMA VISITA&hellip;<\/p>\n","protected":false},"author":1,"featured_media":0,"parent":0,"menu_order":0,"comment_status":"closed","ping_status":"closed","template":"template-full-width.php","meta":{"_joinchat":[],"footnotes":""},"class_list":["post-2000","page","type-page","status-publish","hentry"],"_links":{"self":[{"href":"https:\/\/grizzlybear.studio56.cl\/index.php\/wp-json\/wp\/v2\/pages\/2000","targetHints":{"allow":["GET"]}}],"collection":[{"href":"https:\/\/grizzlybear.studio56.cl\/index.php\/wp-json\/wp\/v2\/pages"}],"about":[{"href":"https:\/\/grizzlybear.studio56.cl\/index.php\/wp-json\/wp\/v2\/types\/page"}],"author":[{"embeddable":true,"href":"https:\/\/grizzlybear.studio56.cl\/index.php\/wp-json\/wp\/v2\/users\/1"}],"replies":[{"embeddable":true,"href":"https:\/\/grizzlybear.studio56.cl\/index.php\/wp-json\/wp\/v2\/comments?post=2000"}],"version-history":[{"count":2,"href":"https:\/\/grizzlybear.studio56.cl\/index.php\/wp-json\/wp\/v2\/pages\/2000\/revisions"}],"predecessor-version":[{"id":10259,"href":"https:\/\/grizzlybear.studio56.cl\/index.php\/wp-json\/wp\/v2\/pages\/2000\/revisions\/10259"}],"wp:attachment":[{"href":"https:\/\/grizzlybear.studio56.cl\/index.php\/wp-json\/wp\/v2\/media?parent=2000"}],"curies":[{"name":"wp","href":"https:\/\/api.w.org\/{rel}","templated":true}]}}