{"id":3745,"date":"2016-01-08T03:22:10","date_gmt":"2016-01-08T03:22:10","guid":{"rendered":"http:\/\/demo.drfuri.com\/mrbara\/?page_id=3745"},"modified":"2025-05-02T07:23:37","modified_gmt":"2025-05-02T07:23:37","slug":"home-full-width","status":"publish","type":"page","link":"https:\/\/grizzlybear.studio56.cl\/index.php\/home-full-width\/","title":{"rendered":"GrizzlyBear"},"content":{"rendered":"<div class=\"wpb-content-wrapper\"><p>[vc_row full_width=&#8221;stretch_row_content_no_spaces&#8221;][vc_column][rev_slider_vc alias=&#8221;mrbara_full_width&#8221;][\/vc_column][\/vc_row][vc_row css=&#8221;.vc_custom_1476864319142{margin-top: 50px !important;padding-top: 65px !important;background-color: #ffffff !important;}&#8221; el_class=&#8221;no-margin-mobile&#8221;][vc_column]<div class=\"mrbara-heading    vc_custom_1702963640259 text-large heading-style4\"><div class=\"row\"><div class=\"col-left  col-xs-2 col-md-1 col-sm-1\"><div class=\"mr-vertical-line\" ><\/div><\/div><div class=\"col-right col-xs-10 col-md-11 col-sm-11\"><div class=\"title\" style=\"font-size:36px;font-weight:300\"><p>Somos <span class=\"primary-color bold\">GrizzlyBear<\/span><\/p>\n<\/div><\/div><\/div><\/div>[vc_row_inner][vc_column_inner width=&#8221;1\/12&#8243; offset=&#8221;vc_col-xs-2&#8243;][\/vc_column_inner][vc_column_inner width=&#8221;2\/3&#8243; offset=&#8221;vc_col-xs-10&#8243;][vc_column_text]<\/p>\n<p style=\"line-height: 2; color: #666;\"><strong>Grizzlybear\u00ae<\/strong>\u00a0<strong>naci\u00f3 con la obsesi\u00f3n por redefinir los l\u00edmites de la ciencia y el potencial humano. Con nuestro compromiso con la investigaci\u00f3n, el desarrollo y la innovaci\u00f3n, inspiramos a personas activas, entusiastas del deportes y atletas de \u00e9lite a fortalecerse juntos.<\/strong><\/p>\n<p>[\/vc_column_text][\/vc_column_inner][vc_column_inner width=&#8221;3\/12&#8243;][\/vc_column_inner][\/vc_row_inner][\/vc_column][\/vc_row][vc_row css=&#8221;.vc_custom_1476864331900{margin-top: 30px !important;padding-top: 50px !important;background-color: #ffffff !important;}&#8221; el_class=&#8221;no-margin-mobile&#8221;][vc_column width=&#8221;1\/12&#8243;][\/vc_column][vc_column width=&#8221;10\/12&#8243;]<div class=\"video-banner  video-style1\">\n\t\t\t\t<div class=\"banner-content\">\n\t\t\t\t\t<video height=\"490\" preload=\"none\" poster=\"https:\/\/grizzlybear.studio56.cl\/wp-content\/uploads\/2023\/12\/banner-video-grizzlybear.jpg\" loop >\n\t\t\t\t\t\t<source src=\"https:\/\/grizzlybear.studio56.cl\/video\/grizzly-horizontal.mp4\" type=\"video\/mp4\">\n\t\t\t\t\t<\/video>\n\t\t\t\t\t  <div class=\"status\">\n\t\t\t\t<h3 class=\"text-play\">Play<\/h3><h3 class=\"text-pause\">Pause<\/h3>\n\t\t\t\t<i class=\"ion-ios-play\"><\/i>\n\t\t\t<\/div>\n                <\/div>\n\t\t\t<\/div>[\/vc_column][vc_column width=&#8221;1\/12&#8243;][\/vc_column][\/vc_row][vc_row css=&#8221;.vc_custom_1476864398323{margin-top: -150px !important;padding-top: 225px !important;background-color: #660000 !important;}&#8221;][vc_column el_class=&#8221;no-margin-mobile&#8221; css=&#8221;.vc_custom_1476864405785{margin-top: 50px !important;}&#8221;][vc_row_inner][vc_column_inner]<div class=\"mrbara-heading    vc_custom_1702965083420 text-large heading-style4\"><div class=\"row\"><div class=\"col-left  col-xs-2 col-md-1 col-sm-1\"><div class=\"mr-vertical-line\" style=\"background-color:#ffffff\"><\/div><\/div><div class=\"col-right col-xs-10 col-md-11 col-sm-11\"><div class=\"title\" style=\"font-size:36px;font-weight:300;color:#ffffff\"><p>Nuestros <span class=\"bold\"> suplementos<\/span><\/p>\n<\/div><\/div><\/div><\/div>[\/vc_column_inner][\/vc_row_inner][vc_row_inner][vc_column_inner width=&#8221;1\/12&#8243; offset=&#8221;vc_col-xs-2&#8243;][\/vc_column_inner][vc_column_inner width=&#8221;2\/3&#8243; offset=&#8221;vc_col-xs-10&#8243;][vc_column_text]<strong>Durante m\u00e1s de dos d\u00e9cadas, hemos impulsado a aquellos que se suben al movimiento #BeGrizzly, en busca de sacar su mejor version. Al igual que tu, estamos en esto para construir m\u00e1s que m\u00fasculo.<\/strong>[\/vc_column_text][\/vc_column_inner][vc_column_inner width=&#8221;3\/12&#8243;][\/vc_column_inner][\/vc_row_inner][\/vc_column][\/vc_row][vc_row css=&#8221;.vc_custom_1472182628286{padding-top: 90px !important;padding-bottom: 90px !important;background-color: #660000 !important;}&#8221;][vc_column width=&#8221;1\/12&#8243; offset=&#8221;vc_col-xs-2&#8243;][\/vc_column][vc_column width=&#8221;1\/4&#8243; css=&#8221;.vc_custom_1472182667373{padding-bottom: 40px !important;}&#8221; offset=&#8221;vc_col-xs-10&#8243;]<div class=\"feature-box  style-1\"><div class=\"title\" ><p>Prote\u00ednas<\/p>\n<p>GrizzlyBear<\/p>\n<\/div><div class=\"desc\" >Ayuda a la recuperaci\u00f3n muscular tras el entrenamiento y a obtener una mayor sensaci\u00f3n de saciedad..<\/div><\/div>[\/vc_column][vc_column width=&#8221;1\/12&#8243; offset=&#8221;vc_col-xs-2&#8243;][\/vc_column][vc_column width=&#8221;1\/4&#8243; css=&#8221;.vc_custom_1472182693389{padding-bottom: 40px !important;}&#8221; offset=&#8221;vc_col-xs-10&#8243;]<div class=\"feature-box  style-1\"><div class=\"title\" ><p>Grizzly Bear<\/p>\n<p>Creatina<\/p>\n<\/div><div class=\"desc\" >Ayudara a aumentar tu potencia, recuperaci\u00f3n, fuerza y tama\u00f1o muscular.<\/div><\/div>[\/vc_column][vc_column width=&#8221;1\/12&#8243; offset=&#8221;vc_col-xs-2&#8243;][\/vc_column][vc_column width=&#8221;1\/4&#8243; css=&#8221;.vc_custom_1472182744957{padding-bottom: 40px !important;}&#8221; offset=&#8221;vc_col-xs-10&#8243;]<div class=\"feature-box  style-1\"><div class=\"title\" ><p>GrizzlyBear<\/p>\n<p>Pre Entrenos<\/p>\n<\/div><div class=\"desc\" >Entrena con una energ\u00eda incre\u00edble y siente la mejor resistencia, fuerza y poder dado por la Beta Alanina..<\/div><\/div>[\/vc_column][\/vc_row][vc_row css=&#8221;.vc_custom_1476415264594{margin-top: 55px !important;padding-top: 70px !important;}&#8221; el_class=&#8221;no-margin-mobile&#8221;][vc_column]<div class=\"mrbara-heading    text-large heading-style4\"><div class=\"row\"><div class=\"col-left  col-xs-2 col-md-1 col-sm-1\"><div class=\"mr-vertical-line\" ><\/div><\/div><div class=\"col-right col-xs-10 col-md-11 col-sm-11\"><div class=\"title\" style=\"font-size:36px;font-weight:300\"><p>Productos <span class=\"primary-color bold\">Destacados<\/span><\/p>\n<\/div><\/div><\/div><\/div>[vc_row_inner][vc_column_inner css=&#8221;.vc_custom_1476414905779{margin-top: -35px !important;}&#8221; offset=&#8221;vc_hidden-sm vc_hidden-xs&#8221;]<div class=\"mrbara-link-container  link-style-2 text-right\"><a href=\"https:\/\/grizzlybear.studio56.cl\/index.php\/tienda\/\" class=\"mrbara-link  show-icon color-primary\" style=\"font-weight:600\">Ver todos los productos<\/a><\/div>[\/vc_column_inner][\/vc_row_inner][\/vc_column][\/vc_row][vc_row full_width=&#8221;stretch_row_content_no_spaces&#8221; css=&#8221;.vc_custom_1476415228171{margin-top: 50px !important;margin-bottom: 30px !important;padding-top: 50px !important;padding-bottom: 70px !important;background-color: #ffffff !important;}&#8221; el_class=&#8221;no-margin-mobile&#8221;][vc_column]<div class=\"product-carousel woocommerce  style-1 columns-5 has-navigation\" id=\"products-carousel-69db6d80ad282\"><div class=\"title\"><\/div><ul class=\"products columns-5\">\n<li class=\"product type-product post-12420 status-publish first instock product_cat-proteinas product_cat-proteinas-2-kg product_tag-leucina product_tag-proteina has-post-thumbnail shipping-taxable purchasable product-type-simple\">\n\t<\/li>\n<li class=\"product type-product post-12100 status-publish outofstock product_cat-proteinas product_cat-proteinas-2-kg product_tag-leucina product_tag-proteina has-post-thumbnail shipping-taxable purchasable product-type-simple\">\n\t<\/li>\n<li class=\"product type-product post-12098 status-publish outofstock product_cat-proteinas product_cat-proteinas-2-kg product_tag-leucina product_tag-proteina has-post-thumbnail shipping-taxable purchasable product-type-simple\">\n\t<\/li>\n<li class=\"product type-product post-12096 status-publish instock product_cat-en-promocion product_cat-proteinas product_cat-proteinas-2-kg product_tag-leucina product_tag-proteina has-post-thumbnail shipping-taxable purchasable product-type-variable\">\n\t<\/li>\n<li class=\"product type-product post-11603 status-publish last instock product_cat-proteinas product_cat-proteinas-2-kg product_tag-leucina product_tag-proteina has-post-thumbnail shipping-taxable purchasable product-type-simple\">\n\t<\/li>\n<li class=\"product type-product post-11365 status-publish first instock product_cat-proteinas product_cat-proteinas-2-kg product_tag-leucina product_tag-proteina has-post-thumbnail shipping-taxable purchasable product-type-simple\">\n\t<\/li>\n<li class=\"product type-product post-11364 status-publish instock product_cat-proteinas product_cat-proteinas-2-kg product_tag-leucina product_tag-proteina has-post-thumbnail shipping-taxable purchasable product-type-simple\">\n\t<\/li>\n<li class=\"product type-product post-11327 status-publish instock product_cat-proteinas product_cat-proteinas-2-kg product_tag-leucina product_tag-proteina has-post-thumbnail shipping-taxable purchasable product-type-simple\">\n\t<\/li>\n<\/ul>\n<\/div><div class=\"product-carousel woocommerce  style-1 columns-5 has-navigation\" id=\"products-carousel-69db6d80b716b\"><div class=\"title\"><\/div><ul class=\"products columns-5\">\n<li class=\"product type-product post-12357 status-publish first outofstock product_cat-en-promocion product_cat-salud-y-bienestar product_tag-beta-alanina product_tag-cafeina product_tag-creatina product_tag-gluten-free product_tag-producto-vegano has-post-thumbnail shipping-taxable purchasable product-type-simple\">\n\t<\/li>\n<li class=\"product type-product post-11985 status-publish instock product_cat-salud-y-bienestar has-post-thumbnail shipping-taxable purchasable product-type-simple\">\n\t<\/li>\n<li class=\"product type-product post-11979 status-publish instock product_cat-salud-y-bienestar has-post-thumbnail shipping-taxable purchasable product-type-simple\">\n\t<\/li>\n<li class=\"product type-product post-11881 status-publish instock product_cat-salud-y-bienestar has-post-thumbnail shipping-taxable purchasable product-type-simple\">\n\t<\/li>\n<li class=\"product type-product post-11876 status-publish last instock product_cat-salud-y-bienestar has-post-thumbnail shipping-taxable purchasable product-type-simple\">\n\t<\/li>\n<li class=\"product type-product post-11871 status-publish first instock product_cat-salud-y-bienestar has-post-thumbnail shipping-taxable purchasable product-type-simple\">\n\t<\/li>\n<li class=\"product type-product post-11851 status-publish instock product_cat-salud-y-bienestar has-post-thumbnail shipping-taxable purchasable product-type-simple\">\n\t<\/li>\n<li class=\"product type-product post-11726 status-publish instock product_cat-salud-y-bienestar has-post-thumbnail shipping-taxable purchasable product-type-simple\">\n\t<\/li>\n<\/ul>\n<\/div>[vc_row_inner][vc_column_inner offset=&#8221;vc_hidden-lg vc_hidden-md&#8221; css=&#8221;.vc_custom_1476414915771{margin-top: 30px !important;}&#8221;]<div class=\"mrbara-link-container  link-style-2 text-center\"><a href=\"https:\/\/grizzlybear.studio56.cl\/index.php\/tienda\/\" class=\"mrbara-link  show-icon color-primary\" >Ver todos los productos<\/a><\/div>[\/vc_column_inner][\/vc_row_inner][\/vc_column][\/vc_row][vc_row][vc_column]<div class=\"mrbara-heading    text-small heading-style6\"><div class=\"row\"><div class=\"col-md-1 col-sm-1 col-xs-2 col-xs-offset-1 col-md-offset-1 col-sm-offset-1 col-left\"><div class=\"mr-vertical-line\" ><\/div><\/div><div class=\"col-md-8 col-sm-8 col-xs-8 col-xs-offset-1 col-md-offset-2 col-sm-offset-2 col-right\"><div class=\"title\" style=\"font-size:16;font-weight:600;letter-spacing:10\"><p>DISTRIBUIDORES GRIZZLYBEAR<\/p>\n<\/div><\/div><\/div><\/div>[vc_wp_text]Descubre como aumentar tus ganancias vendiendo los mejores suplementos del mercado. Para mas informacion contactanos al email info@grizzlybear.studio56.cl o WhatsApp +56 9 5305 2857[\/vc_wp_text]<div class=\"mrbara-image-carousel  style-1\"><div class=\"mrbara-owl-list\" id=\"images-carousel-69db6d80b85aa\"><div class=\"image-item\"><a href=\"\" target=\"_self\"><img decoding=\"async\" alt=\"10348\"  src=\"https:\/\/grizzlybear.studio56.cl\/wp-content\/uploads\/2023\/12\/sl-nutricion-deportiva-grizzlybear.jpg\"><\/a><\/div><div class=\"image-item\"><a  target=\"_self\"><img decoding=\"async\" alt=\"10347\"  src=\"https:\/\/grizzlybear.studio56.cl\/wp-content\/uploads\/2023\/12\/muscle-grizzlybear.jpg\"><\/a><\/div><div class=\"image-item\"><a  target=\"_self\"><img decoding=\"async\" alt=\"10383\"  src=\"https:\/\/grizzlybear.studio56.cl\/wp-content\/uploads\/2023\/12\/suplesking.jpg\"><\/a><\/div><div class=\"image-item\"><a  target=\"_self\"><img decoding=\"async\" alt=\"10384\"  src=\"https:\/\/grizzlybear.studio56.cl\/wp-content\/uploads\/2023\/12\/templo-gym.jpg\"><\/a><\/div><\/div><\/div>[vc_empty_space height=&#8221;64px&#8221;][\/vc_column][\/vc_row][vc_row full_width=&#8221;stretch_row_content_no_spaces&#8221; css=&#8221;.vc_custom_1476417062219{padding-top: 70px !important;padding-bottom: 80px !important;background-color: #f5f5f5 !important;}&#8221;][vc_column]<div class=\"mrbara-newletter  newsletter-style2 textbox-light\" >\n\t\t\t\t<div class=\"container\">\n\t                <div class=\"row\">\n\t                    <div class=\"col-md-4 col-sm-12 col-xs-12 b-content\">\n\t                        <div class=\"title\" >Nuestro <span>Newsletter <\/span><\/div>\n\t                    <\/div>\n\t                    <div class=\"col-md-8 col-sm-12 col-xs-12 b-form\">\n\t                    \t<div class=\"letter-fied\">\n\t  \t                        <script>(function() {\n\twindow.mc4wp = window.mc4wp || {\n\t\tlisteners: [],\n\t\tforms: {\n\t\t\ton: function(evt, cb) {\n\t\t\t\twindow.mc4wp.listeners.push(\n\t\t\t\t\t{\n\t\t\t\t\t\tevent   : evt,\n\t\t\t\t\t\tcallback: cb\n\t\t\t\t\t}\n\t\t\t\t);\n\t\t\t}\n\t\t}\n\t}\n})();\n<\/script><!-- Mailchimp for WordPress v4.9.10 - https:\/\/wordpress.org\/plugins\/mailchimp-for-wp\/ --><form id=\"mc4wp-form-1\" class=\"mc4wp-form mc4wp-form-4144\" method=\"post\" data-id=\"4144\" data-name=\"MrBara Form Subcribe\" ><div class=\"mc4wp-form-fields\"><input type=\"email\" name=\"EMAIL\" placeholder=\"Email Address\" required \/>\n<input type=\"submit\" value=\"Subscribe\" \/><\/div><label style=\"display: none !important;\">Deja vac\u00edo este campo si eres humano: <input type=\"text\" name=\"_mc4wp_honeypot\" value=\"\" tabindex=\"-1\" autocomplete=\"off\" \/><\/label><input type=\"hidden\" name=\"_mc4wp_timestamp\" value=\"1775988096\" \/><input type=\"hidden\" name=\"_mc4wp_form_id\" value=\"4144\" \/><input type=\"hidden\" name=\"_mc4wp_form_element_id\" value=\"mc4wp-form-1\" \/><div class=\"mc4wp-response\"><\/div><\/form><!-- \/ Mailchimp for WordPress Plugin -->\n\t\t\t\t\t\t\t<\/div>\n\t                    <\/div>\n\t                <\/div>\n\t            <\/div>\n\t\t\t<\/div>[\/vc_column][\/vc_row]<\/p>\n<\/div>","protected":false},"excerpt":{"rendered":"<p>[vc_row full_width=&#8221;stretch_row_content_no_spaces&#8221;][vc_column][rev_slider_vc alias=&#8221;mrbara_full_width&#8221;][\/vc_column][\/vc_row][vc_row css=&#8221;.vc_custom_1476864319142{margin-top: 50px !important;padding-top: 65px !important;background-color: #ffffff !important;}&#8221; el_class=&#8221;no-margin-mobile&#8221;][vc_column][vc_row_inner][vc_column_inner width=&#8221;1\/12&#8243; offset=&#8221;vc_col-xs-2&#8243;][\/vc_column_inner][vc_column_inner width=&#8221;2\/3&#8243; offset=&#8221;vc_col-xs-10&#8243;][vc_column_text] Grizzlybear\u00ae\u00a0naci\u00f3 con la obsesi\u00f3n por redefinir los l\u00edmites de la ciencia y el potencial humano.&hellip;<\/p>\n","protected":false},"author":1,"featured_media":0,"parent":0,"menu_order":0,"comment_status":"open","ping_status":"closed","template":"template-homepage.php","meta":{"_joinchat":[],"footnotes":""},"class_list":["post-3745","page","type-page","status-publish","hentry"],"_links":{"self":[{"href":"https:\/\/grizzlybear.studio56.cl\/index.php\/wp-json\/wp\/v2\/pages\/3745","targetHints":{"allow":["GET"]}}],"collection":[{"href":"https:\/\/grizzlybear.studio56.cl\/index.php\/wp-json\/wp\/v2\/pages"}],"about":[{"href":"https:\/\/grizzlybear.studio56.cl\/index.php\/wp-json\/wp\/v2\/types\/page"}],"author":[{"embeddable":true,"href":"https:\/\/grizzlybear.studio56.cl\/index.php\/wp-json\/wp\/v2\/users\/1"}],"replies":[{"embeddable":true,"href":"https:\/\/grizzlybear.studio56.cl\/index.php\/wp-json\/wp\/v2\/comments?post=3745"}],"version-history":[{"count":23,"href":"https:\/\/grizzlybear.studio56.cl\/index.php\/wp-json\/wp\/v2\/pages\/3745\/revisions"}],"predecessor-version":[{"id":11898,"href":"https:\/\/grizzlybear.studio56.cl\/index.php\/wp-json\/wp\/v2\/pages\/3745\/revisions\/11898"}],"wp:attachment":[{"href":"https:\/\/grizzlybear.studio56.cl\/index.php\/wp-json\/wp\/v2\/media?parent=3745"}],"curies":[{"name":"wp","href":"https:\/\/api.w.org\/{rel}","templated":true}]}}