{"id":4684,"date":"2016-06-17T02:13:46","date_gmt":"2016-06-17T02:13:46","guid":{"rendered":"http:\/\/demo.drfuri.com\/mrbara\/?page_id=4684"},"modified":"2023-12-21T13:19:36","modified_gmt":"2023-12-21T13:19:36","slug":"nosotros-grizzlybear","status":"publish","type":"page","link":"https:\/\/grizzlybear.studio56.cl\/index.php\/nosotros-grizzlybear\/","title":{"rendered":"GrizzlyBear"},"content":{"rendered":"<div class=\"wpb-content-wrapper\"><p>[vc_row][vc_column]<div class=\"mrbara-about-2 \">\n\t\t\t\t<div class=\"row\">\n\t\t\t\t\t<div class=\"col-md-1 col-sm-1 col-xs-2 col-xs-offset-1 col-md-offset-1 col-sm-offset-1 col-left\">\n\t\t\t\t\t\t<span class=\"mr-verticle-line\"><\/span>\n\t\t\t\t\t<\/div>\n\t\t\t\t\t<div class=\"col-md-6 col-sm-6 col-xs-8 col-xs-offset-1 col-md-offset-2 col-sm-offset-2 col-right\"><div class=\"about-content\"><div class=\"sub-title\">Nosotros<\/div><div class=\"title\"><p>SOBREPASA TUS L\u00cdMITES<br \/>\nCON GRIZZLYBEAR\u00ae<\/p>\n<\/div><div class=\"desc\">Grizzlybear\u00ae naci\u00f3 con la obsesi\u00f3n por redefinir los l\u00edmites de la ciencia y el potencial humano. Con nuestro compromiso con la investigaci\u00f3n, el desarrollo y la innovaci\u00f3n, inspiramos a personas activas, entusiastas del deportes y atletas de \u00e9lite a fortalecerse juntos.<\/div><\/div><\/div>\n\t\t\t\t<\/div>\n\t\t\t<\/div>[vc_empty_space]<div class=\"mrbara-about-2 \">\n\t\t\t\t<div class=\"row\">\n\t\t\t\t\t<div class=\"col-md-1 col-sm-1 col-xs-2 col-xs-offset-1 col-md-offset-1 col-sm-offset-1 col-left\">\n\t\t\t\t\t\t<span class=\"mr-verticle-line\"><\/span>\n\t\t\t\t\t<\/div>\n\t\t\t\t\t<div class=\"col-md-6 col-sm-6 col-xs-8 col-xs-offset-1 col-md-offset-2 col-sm-offset-2 col-right\"><div class=\"about-content\"><div class=\"title\"><p>NUTRICI\u00d3N ESENCIAL PARA SATISFACER TUS NECESIDADES<\/p>\n<\/div><div class=\"desc\">Grizzlybear\u00ae naci\u00f3 con la obsesi\u00f3n por redefinir los l\u00edmites de la ciencia y el potencial humano. Con nuestro compromiso con la investigaci\u00f3n, el desarrollo y la innovaci\u00f3n, inspiramos a personas activas, entusiastas del deportes y atletas de \u00e9lite a fortalecerse juntos.<\/div><\/div><\/div>\n\t\t\t\t<\/div>\n\t\t\t<\/div>[vc_empty_space]<div class=\"mrbara-about-2 \">\n\t\t\t\t<div class=\"row\">\n\t\t\t\t\t<div class=\"col-md-1 col-sm-1 col-xs-2 col-xs-offset-1 col-md-offset-1 col-sm-offset-1 col-left\">\n\t\t\t\t\t\t<span class=\"mr-verticle-line\"><\/span>\n\t\t\t\t\t<\/div>\n\t\t\t\t\t<div class=\"col-md-6 col-sm-6 col-xs-8 col-xs-offset-1 col-md-offset-2 col-sm-offset-2 col-right\"><div class=\"about-content\"><div class=\"title\"><p>EMPUJANDO LOS L\u00cdMITES DE LA CIENCIA Y EL POTENCIAL HUMANO<\/p>\n<\/div><div class=\"desc\">GrizzlyBear\u00ae ofrece una l\u00ednea innovadora de suplementos de rendimiento para satisfacer las necesidades de todos, desde entusiastas del ejercicio f\u00edsico hasta atletas de \u00e9lite que entrenan para mejorar su fuerza, resistencia y potencia, y mantener su ventaja competitiva.<\/div><\/div><\/div>\n\t\t\t\t<\/div>\n\t\t\t<\/div>[vc_empty_space height=&#8221;64px&#8221;]<div class=\"section-title style-3 text-left text-small \">\n\t\t\t\t<div class=\"title\" >LOS SUPLEMENTOS EST\u00c1N HECHOS CON INGREDIENTES DE LA M\u00c1S ALTA CALIDAD EN EL MUNDO.<\/div>\n\t\t\t<\/div>[\/vc_column][\/vc_row][vc_row full_width=&#8221;stretch_row_content_no_spaces&#8221; css=&#8221;.vc_custom_1468572789427{padding-top: 55px !important;}&#8221;][vc_column][vc_single_image image=&#8221;10295&#8243; img_size=&#8221;full&#8221; alignment=&#8221;center&#8221;][\/vc_column][\/vc_row][vc_row css=&#8221;.vc_custom_1466585813687{padding-top: 90px !important;}&#8221;][vc_column]<div class=\"mrbara-heading    text-small letter-spacing-large heading-style6\"><div class=\"row\"><div class=\"col-md-1 col-sm-1 col-xs-2 col-xs-offset-1 col-md-offset-1 col-sm-offset-1 col-left\"><div class=\"mr-vertical-line\" ><\/div><\/div><div class=\"col-md-8 col-sm-8 col-xs-8 col-xs-offset-1 col-md-offset-2 col-sm-offset-2 col-right\"><div class=\"title\" style=\"font-size:16px;font-weight:600;letter-spacing:10px\"><p>DISTRIBUIDORES GRIZZLYBEAR<\/p>\n<\/div><\/div><\/div><\/div>[vc_column_text]Descubre como aumentar tus ganancias vendiendo los mejores suplementos del mercado. Para mas informacion contactanos al email info@grizzlybear.studio56.cl o WhatsApp +56 9 5305 2857[\/vc_column_text][\/vc_column][\/vc_row][vc_row css=&#8221;.vc_custom_1466585402505{padding-top: 110px !important;padding-bottom: 160px !important;}&#8221;][vc_column]<div class=\"mrbara-image-carousel  style-1\"><div class=\"mrbara-owl-list\" id=\"images-carousel-69db6d8c6089f\"><div class=\"image-item\"><a href=\"\" target=\"_self\"><img decoding=\"async\" alt=\"10348\"  src=\"https:\/\/grizzlybear.studio56.cl\/wp-content\/uploads\/2023\/12\/sl-nutricion-deportiva-grizzlybear.jpg\"><\/a><\/div><div class=\"image-item\"><a  target=\"_self\"><img decoding=\"async\" alt=\"10347\"  src=\"https:\/\/grizzlybear.studio56.cl\/wp-content\/uploads\/2023\/12\/muscle-grizzlybear.jpg\"><\/a><\/div><div class=\"image-item\"><a  target=\"_self\"><img decoding=\"async\" alt=\"10383\"  src=\"https:\/\/grizzlybear.studio56.cl\/wp-content\/uploads\/2023\/12\/suplesking.jpg\"><\/a><\/div><div class=\"image-item\"><a  target=\"_self\"><img decoding=\"async\" alt=\"10384\"  src=\"https:\/\/grizzlybear.studio56.cl\/wp-content\/uploads\/2023\/12\/templo-gym.jpg\"><\/a><\/div><\/div><\/div>[\/vc_column][\/vc_row]<\/p>\n<\/div>","protected":false},"excerpt":{"rendered":"<p>[vc_row][vc_column][vc_empty_space][vc_empty_space][vc_empty_space height=&#8221;64px&#8221;][\/vc_column][\/vc_row][vc_row full_width=&#8221;stretch_row_content_no_spaces&#8221; css=&#8221;.vc_custom_1468572789427{padding-top: 55px !important;}&#8221;][vc_column][vc_single_image image=&#8221;10295&#8243; img_size=&#8221;full&#8221; alignment=&#8221;center&#8221;][\/vc_column][\/vc_row][vc_row css=&#8221;.vc_custom_1466585813687{padding-top: 90px !important;}&#8221;][vc_column][vc_column_text]Descubre como aumentar tus ganancias vendiendo los mejores suplementos del mercado. Para mas informacion contactanos al email info@grizzlybear.studio56.cl o&hellip;<\/p>\n","protected":false},"author":1,"featured_media":0,"parent":0,"menu_order":0,"comment_status":"closed","ping_status":"closed","template":"template-full-width.php","meta":{"_joinchat":[],"footnotes":""},"class_list":["post-4684","page","type-page","status-publish","hentry"],"_links":{"self":[{"href":"https:\/\/grizzlybear.studio56.cl\/index.php\/wp-json\/wp\/v2\/pages\/4684","targetHints":{"allow":["GET"]}}],"collection":[{"href":"https:\/\/grizzlybear.studio56.cl\/index.php\/wp-json\/wp\/v2\/pages"}],"about":[{"href":"https:\/\/grizzlybear.studio56.cl\/index.php\/wp-json\/wp\/v2\/types\/page"}],"author":[{"embeddable":true,"href":"https:\/\/grizzlybear.studio56.cl\/index.php\/wp-json\/wp\/v2\/users\/1"}],"replies":[{"embeddable":true,"href":"https:\/\/grizzlybear.studio56.cl\/index.php\/wp-json\/wp\/v2\/comments?post=4684"}],"version-history":[{"count":15,"href":"https:\/\/grizzlybear.studio56.cl\/index.php\/wp-json\/wp\/v2\/pages\/4684\/revisions"}],"predecessor-version":[{"id":10386,"href":"https:\/\/grizzlybear.studio56.cl\/index.php\/wp-json\/wp\/v2\/pages\/4684\/revisions\/10386"}],"wp:attachment":[{"href":"https:\/\/grizzlybear.studio56.cl\/index.php\/wp-json\/wp\/v2\/media?parent=4684"}],"curies":[{"name":"wp","href":"https:\/\/api.w.org\/{rel}","templated":true}]}}