{"id":10338,"date":"2023-12-20T01:27:18","date_gmt":"2023-12-20T01:27:18","guid":{"rendered":"https:\/\/grizzlybear.studio56.cl\/?post_type=product&#038;p=10338"},"modified":"2025-01-25T23:39:58","modified_gmt":"2025-01-25T23:39:58","slug":"polera-grizzlybear-blanca","status":"publish","type":"product","link":"https:\/\/grizzlybear.studio56.cl\/index.php\/producto\/polera-grizzlybear-blanca\/","title":{"rendered":"POLERA GRIZZLYBEAR BLANCA"},"content":{"rendered":"<p>No pierdas la oportunidad de obtener una prenda vers\u00e1til y de alta calidad. \u00a1Experimenta la comodidad y el estilo de la Polera\u00a0Basic\u00a0ahora mismo!<\/p>\n","protected":false},"excerpt":{"rendered":"<p>Prenda perfecta para destacar en el gimnasio y en la calle. Confeccionada con un suave y resistente 50% de algod\u00f3n y 50% de poli\u00e9ster, esta polera te brinda comodidad y durabilidad excepcionales.Lo mejor de todo es que hemos eliminado las etiquetas interiores para que disfrutes de una sensaci\u00f3n de suavidad absoluta en tu piel. Adem\u00e1s, nuestras prendas pre-lavadas est\u00e1n dise\u00f1adas para no encogerse, ni siquiera en la secadora.<\/p>\n","protected":false},"featured_media":10344,"comment_status":"open","ping_status":"closed","template":"","meta":{"_joinchat":[]},"product_cat":[93],"product_tag":[],"class_list":["post-10338","product","type-product","status-publish","has-post-thumbnail","hentry","product_cat-poleras"],"_links":{"self":[{"href":"https:\/\/grizzlybear.studio56.cl\/index.php\/wp-json\/wp\/v2\/product\/10338","targetHints":{"allow":["GET"]}}],"collection":[{"href":"https:\/\/grizzlybear.studio56.cl\/index.php\/wp-json\/wp\/v2\/product"}],"about":[{"href":"https:\/\/grizzlybear.studio56.cl\/index.php\/wp-json\/wp\/v2\/types\/product"}],"replies":[{"embeddable":true,"href":"https:\/\/grizzlybear.studio56.cl\/index.php\/wp-json\/wp\/v2\/comments?post=10338"}],"wp:featuredmedia":[{"embeddable":true,"href":"https:\/\/grizzlybear.studio56.cl\/index.php\/wp-json\/wp\/v2\/media\/10344"}],"wp:attachment":[{"href":"https:\/\/grizzlybear.studio56.cl\/index.php\/wp-json\/wp\/v2\/media?parent=10338"}],"wp:term":[{"taxonomy":"product_cat","embeddable":true,"href":"https:\/\/grizzlybear.studio56.cl\/index.php\/wp-json\/wp\/v2\/product_cat?post=10338"},{"taxonomy":"product_tag","embeddable":true,"href":"https:\/\/grizzlybear.studio56.cl\/index.php\/wp-json\/wp\/v2\/product_tag?post=10338"}],"curies":[{"name":"wp","href":"https:\/\/api.w.org\/{rel}","templated":true}]}}