{"id":10372,"date":"2023-12-20T04:06:36","date_gmt":"2023-12-20T04:06:36","guid":{"rendered":"https:\/\/grizzlybear.studio56.cl\/?post_type=product&#038;p=10372"},"modified":"2025-04-10T20:28:55","modified_gmt":"2025-04-10T20:28:55","slug":"shaker-white-grizzlybear","status":"publish","type":"product","link":"https:\/\/grizzlybear.studio56.cl\/index.php\/producto\/shaker-white-grizzlybear\/","title":{"rendered":"Shaker White Grizzlybear"},"content":{"rendered":"","protected":false},"excerpt":{"rendered":"<p>\u00a1Dale un giro saludable a tu rutina diaria con nuestro Shaker GrizzlyBear Batidos y Bebidas Saludables! Dise\u00f1ado para facilitar la preparaci\u00f3n de tus bebidas favoritas, este shaker es tu compa\u00f1ero ideal para obtener la dosis diaria de nutrici\u00f3n de una manera r\u00e1pida y conveniente.<\/p>\n","protected":false},"featured_media":10373,"comment_status":"open","ping_status":"closed","template":"","meta":{"_joinchat":[]},"product_cat":[119],"product_tag":[114,111,113],"class_list":["post-10372","product","type-product","status-publish","has-post-thumbnail","hentry","product_cat-accesorios","product_tag-bolso","product_tag-grizzlybear","product_tag-morral"],"_links":{"self":[{"href":"https:\/\/grizzlybear.studio56.cl\/index.php\/wp-json\/wp\/v2\/product\/10372","targetHints":{"allow":["GET"]}}],"collection":[{"href":"https:\/\/grizzlybear.studio56.cl\/index.php\/wp-json\/wp\/v2\/product"}],"about":[{"href":"https:\/\/grizzlybear.studio56.cl\/index.php\/wp-json\/wp\/v2\/types\/product"}],"replies":[{"embeddable":true,"href":"https:\/\/grizzlybear.studio56.cl\/index.php\/wp-json\/wp\/v2\/comments?post=10372"}],"wp:featuredmedia":[{"embeddable":true,"href":"https:\/\/grizzlybear.studio56.cl\/index.php\/wp-json\/wp\/v2\/media\/10373"}],"wp:attachment":[{"href":"https:\/\/grizzlybear.studio56.cl\/index.php\/wp-json\/wp\/v2\/media?parent=10372"}],"wp:term":[{"taxonomy":"product_cat","embeddable":true,"href":"https:\/\/grizzlybear.studio56.cl\/index.php\/wp-json\/wp\/v2\/product_cat?post=10372"},{"taxonomy":"product_tag","embeddable":true,"href":"https:\/\/grizzlybear.studio56.cl\/index.php\/wp-json\/wp\/v2\/product_tag?post=10372"}],"curies":[{"name":"wp","href":"https:\/\/api.w.org\/{rel}","templated":true}]}}