{"id":10657,"date":"2024-02-16T19:17:04","date_gmt":"2024-02-16T19:17:04","guid":{"rendered":"https:\/\/grizzlybear.studio56.cl\/?post_type=product&#038;p=10657"},"modified":"2025-02-05T22:13:09","modified_gmt":"2025-02-05T22:13:09","slug":"agitador-negro","status":"publish","type":"product","link":"https:\/\/grizzlybear.studio56.cl\/index.php\/producto\/agitador-negro\/","title":{"rendered":"Coctelera negra"},"content":{"rendered":"","protected":false},"excerpt":{"rendered":"<p>\u00a1Dale un giro saludable a tu rutina diaria con nuestro Shaker GrizzlyBear Batidos y Bebidas Saludables! Dise\u00f1ado para facilitar la preparaci\u00f3n de tus bebidas favoritas, este shaker es tu compa\u00f1ero ideal para obtener la dosis diaria de nutrici\u00f3n de una manera r\u00e1pida y conveniente.<\/p>\n","protected":false},"featured_media":10658,"comment_status":"closed","ping_status":"closed","template":"","meta":{"_joinchat":[]},"product_cat":[119],"product_tag":[125,113,126],"class_list":["post-10657","product","type-product","status-publish","has-post-thumbnail","hentry","product_cat-accesorios","product_tag-bolsillo","product_tag-morral","product_tag-oso-grizzly"],"_links":{"self":[{"href":"https:\/\/grizzlybear.studio56.cl\/index.php\/wp-json\/wp\/v2\/product\/10657","targetHints":{"allow":["GET"]}}],"collection":[{"href":"https:\/\/grizzlybear.studio56.cl\/index.php\/wp-json\/wp\/v2\/product"}],"about":[{"href":"https:\/\/grizzlybear.studio56.cl\/index.php\/wp-json\/wp\/v2\/types\/product"}],"replies":[{"embeddable":true,"href":"https:\/\/grizzlybear.studio56.cl\/index.php\/wp-json\/wp\/v2\/comments?post=10657"}],"wp:featuredmedia":[{"embeddable":true,"href":"https:\/\/grizzlybear.studio56.cl\/index.php\/wp-json\/wp\/v2\/media\/10658"}],"wp:attachment":[{"href":"https:\/\/grizzlybear.studio56.cl\/index.php\/wp-json\/wp\/v2\/media?parent=10657"}],"wp:term":[{"taxonomy":"product_cat","embeddable":true,"href":"https:\/\/grizzlybear.studio56.cl\/index.php\/wp-json\/wp\/v2\/product_cat?post=10657"},{"taxonomy":"product_tag","embeddable":true,"href":"https:\/\/grizzlybear.studio56.cl\/index.php\/wp-json\/wp\/v2\/product_tag?post=10657"}],"curies":[{"name":"wp","href":"https:\/\/api.w.org\/{rel}","templated":true}]}}