{"id":11156,"date":"2024-09-12T03:50:56","date_gmt":"2024-09-12T03:50:56","guid":{"rendered":"https:\/\/grizzlybear.studio56.cl\/?post_type=product&#038;p=11156"},"modified":"2025-08-17T19:15:25","modified_gmt":"2025-08-17T19:15:25","slug":"barra-de-proteinas-15-unidades","status":"publish","type":"product","link":"https:\/\/grizzlybear.studio56.cl\/index.php\/producto\/barra-de-proteinas-15-unidades\/","title":{"rendered":"Barra de Prote\u00ednas &#8211; 15 Unidades"},"content":{"rendered":"<p>Exquisitas barra de prote\u00ednas dise\u00f1ada especialmente para quienes busquen un alimento muy nutritivo con prote\u00ednas de alto valor biol\u00f3gico, carbohidratos complejos, vitaminas, minerales y un porcentaje muy bajo de grasas, especialmente formulado para quienes realizan actividades f\u00edsicas constantemente, deportistas y personas que busquen llevar una vida m\u00e1s sana.<\/p>\n","protected":false},"excerpt":{"rendered":"<ul>\n<li>Contiene prote\u00edna, L-Carnitina, con adici\u00f3n de BCAA y vitaminas, adem\u00e1s de un exquisito sabor inolvidable.<\/li>\n<li>Proporciona 32 grs. de Prote\u00edna. 0 Az\u00facar<\/li>\n<li>Caja de 15 barras<\/li>\n<\/ul>\n","protected":false},"featured_media":11157,"comment_status":"open","ping_status":"closed","template":"","meta":{"_joinchat":[]},"product_cat":[15],"product_tag":[123],"class_list":["post-11156","product","type-product","status-publish","has-post-thumbnail","hentry","product_cat-proteinas","product_tag-barra-de-proteinas"],"_links":{"self":[{"href":"https:\/\/grizzlybear.studio56.cl\/index.php\/wp-json\/wp\/v2\/product\/11156","targetHints":{"allow":["GET"]}}],"collection":[{"href":"https:\/\/grizzlybear.studio56.cl\/index.php\/wp-json\/wp\/v2\/product"}],"about":[{"href":"https:\/\/grizzlybear.studio56.cl\/index.php\/wp-json\/wp\/v2\/types\/product"}],"replies":[{"embeddable":true,"href":"https:\/\/grizzlybear.studio56.cl\/index.php\/wp-json\/wp\/v2\/comments?post=11156"}],"wp:featuredmedia":[{"embeddable":true,"href":"https:\/\/grizzlybear.studio56.cl\/index.php\/wp-json\/wp\/v2\/media\/11157"}],"wp:attachment":[{"href":"https:\/\/grizzlybear.studio56.cl\/index.php\/wp-json\/wp\/v2\/media?parent=11156"}],"wp:term":[{"taxonomy":"product_cat","embeddable":true,"href":"https:\/\/grizzlybear.studio56.cl\/index.php\/wp-json\/wp\/v2\/product_cat?post=11156"},{"taxonomy":"product_tag","embeddable":true,"href":"https:\/\/grizzlybear.studio56.cl\/index.php\/wp-json\/wp\/v2\/product_tag?post=11156"}],"curies":[{"name":"wp","href":"https:\/\/api.w.org\/{rel}","templated":true}]}}