{"id":11876,"date":"2025-04-27T07:23:38","date_gmt":"2025-04-27T07:23:38","guid":{"rendered":"https:\/\/grizzlybear.studio56.cl\/?post_type=product&#038;p=11876"},"modified":"2025-09-18T04:15:26","modified_gmt":"2025-09-18T04:15:26","slug":"hepatoforce","status":"publish","type":"product","link":"https:\/\/grizzlybear.studio56.cl\/index.php\/producto\/hepatoforce\/","title":{"rendered":"HEPATOFORCE"},"content":{"rendered":"<h3 data-start=\"60\" data-end=\"111\"><strong data-start=\"64\" data-end=\"111\">HEPATOFORTE \u2013 60 C\u00e1psulas (C\u00e1psula Vegetal)<\/strong><\/h3>\n<p data-start=\"113\" data-end=\"466\"><strong data-start=\"113\" data-end=\"128\">HEPATOFORTE<\/strong> es un suplemento alimenticio pensado para deportistas y personas activas que buscan proteger y fortalecer su funci\u00f3n hep\u00e1tica de forma natural. Con c\u00e1psulas vegetales HPMC, sin calor\u00edas ni conservantes, aporta un blend de amino\u00e1cidos, glutathi\u00f3n precursos y vitaminas clave para el apoyo del h\u00edgado.<\/p>\n<hr data-start=\"468\" data-end=\"471\" \/>\n<h2 data-start=\"473\" data-end=\"489\">M\u00c9TODO DE USO<\/h2>\n<p data-start=\"491\" data-end=\"528\"><span class=\"relative -mx-px my-[-0.2rem] rounded px-px py-[0.2rem] transition-colors duration-100 ease-in-out\">Tomar <strong data-start=\"6\" data-end=\"46\">1 c\u00e1psula al d\u00eda con un vaso de agua<\/strong>, preferentemente con una comida principal. Se recomienda uso regular para potenciar los mecanismos de desintoxicaci\u00f3n y recuperaci\u00f3n hep\u00e1tica. No exceder la dosis indicada. No sustituye una dieta equilibrada ni la opini\u00f3n m\u00e9dica.<\/span><\/p>\n<hr data-start=\"530\" data-end=\"533\" \/>\n<h2 data-start=\"535\" data-end=\"566\">CARACTER\u00cdSTICAS Y BENEFICIOS<\/h2>\n<h3 data-start=\"568\" data-end=\"600\">Caracter\u00edsticas Principales:<\/h3>\n<ul data-start=\"601\" data-end=\"999\">\n<li data-start=\"601\" data-end=\"758\">\n<p data-start=\"603\" data-end=\"632\"><strong data-start=\"603\" data-end=\"629\">Amino\u00e1cidos esenciales<\/strong>:<\/p>\n<ul data-start=\"635\" data-end=\"758\">\n<li data-start=\"635\" data-end=\"676\">\n<p data-start=\"637\" data-end=\"676\"><span class=\"relative -mx-px my-[-0.2rem] rounded px-px py-[0.2rem] transition-colors duration-100 ease-in-out\"><strong data-start=\"0\" data-end=\"24\" data-is-only-node=\"\">Glicina y L\u2011ciste\u00edna<\/strong>: Precursores del glutati\u00f3n, antioxidante clave que protege las c\u00e9lulas del h\u00edgado.<\/span><\/p>\n<\/li>\n<li data-start=\"679\" data-end=\"758\">\n<p data-start=\"681\" data-end=\"758\"><span class=\"relative -mx-px my-[-0.2rem] rounded px-px py-[0.2rem] transition-colors duration-100 ease-in-out\"><strong data-start=\"0\" data-end=\"24\" data-is-only-node=\"\">Glutamato monos\u00f3dico<\/strong>: Fuente de amino\u00e1cidos para favorecer reparaci\u00f3n hep\u00e1tica.<\/span><\/p>\n<\/li>\n<\/ul>\n<\/li>\n<li data-start=\"759\" data-end=\"917\">\n<p data-start=\"761\" data-end=\"791\"><strong data-start=\"761\" data-end=\"788\">Vitaminas antioxidantes<\/strong>:<\/p>\n<ul data-start=\"794\" data-end=\"917\">\n<li data-start=\"794\" data-end=\"835\">\n<p data-start=\"796\" data-end=\"835\"><span class=\"relative -mx-px my-[-0.2rem] rounded px-px py-[0.2rem] transition-colors duration-100 ease-in-out\"><strong data-start=\"0\" data-end=\"15\" data-is-only-node=\"\">B1, B6, B12<\/strong>: Apoyan el metabolismo energ\u00e9tico, grasas y prote\u00ednas.<\/span><\/p>\n<\/li>\n<li data-start=\"838\" data-end=\"917\">\n<p data-start=\"840\" data-end=\"917\"><span class=\"relative -mx-px my-[-0.2rem] rounded px-px py-[0.2rem] transition-colors duration-100 ease-in-out\"><strong data-start=\"0\" data-end=\"9\" data-is-only-node=\"\">C y E<\/strong>: Combaten el estr\u00e9s oxidativo y favorecen la regeneraci\u00f3n celular.<\/span><\/p>\n<\/li>\n<\/ul>\n<\/li>\n<li data-start=\"918\" data-end=\"999\">\n<p data-start=\"920\" data-end=\"999\"><span class=\"relative -mx-px my-[-0.2rem] rounded px-px py-[0.2rem] transition-colors duration-100 ease-in-out\"><strong data-start=\"0\" data-end=\"32\" data-is-only-node=\"\">C\u00e1psula vegetal HPMC (100\u202f%)<\/strong>: Libre de ingredientes animales, conservantes, az\u00facar o calor\u00edas.<\/span><\/p>\n<\/li>\n<\/ul>\n<h3 data-start=\"1001\" data-end=\"1016\">Beneficios:<\/h3>\n<ul data-start=\"1017\" data-end=\"1349\">\n<li data-start=\"1017\" data-end=\"1102\">\n<p data-start=\"1019\" data-end=\"1102\"><strong data-start=\"1019\" data-end=\"1059\">Favorece la desintoxicaci\u00f3n hep\u00e1tica<\/strong> mediante un aporte natural de glutati\u00f3n.<\/p>\n<\/li>\n<li data-start=\"1103\" data-end=\"1185\">\n<p data-start=\"1105\" data-end=\"1185\"><strong data-start=\"1105\" data-end=\"1145\">Protege el h\u00edgado del da\u00f1o oxidativo<\/strong>, mejorando su capacidad regenerativa.<\/p>\n<\/li>\n<li data-start=\"1186\" data-end=\"1269\">\n<p data-start=\"1188\" data-end=\"1269\"><strong data-start=\"1188\" data-end=\"1223\">Apoya el metabolismo energ\u00e9tico<\/strong>, ayudando a deportistas y personas activas.<\/p>\n<\/li>\n<li data-start=\"1270\" data-end=\"1349\">\n<p data-start=\"1272\" data-end=\"1349\"><strong data-start=\"1272\" data-end=\"1314\">F\u00e1cil incorporaci\u00f3n a la rutina diaria<\/strong>, libre de estimulantes o aditivos.<\/p>\n<\/li>\n<\/ul>\n","protected":false},"excerpt":{"rendered":"<p>60 C\u00e1psulas<\/p>\n","protected":false},"featured_media":11877,"comment_status":"open","ping_status":"closed","template":"","meta":{"_joinchat":[]},"product_cat":[130],"product_tag":[],"class_list":["post-11876","product","type-product","status-publish","has-post-thumbnail","hentry","product_cat-salud-y-bienestar"],"_links":{"self":[{"href":"https:\/\/grizzlybear.studio56.cl\/index.php\/wp-json\/wp\/v2\/product\/11876","targetHints":{"allow":["GET"]}}],"collection":[{"href":"https:\/\/grizzlybear.studio56.cl\/index.php\/wp-json\/wp\/v2\/product"}],"about":[{"href":"https:\/\/grizzlybear.studio56.cl\/index.php\/wp-json\/wp\/v2\/types\/product"}],"replies":[{"embeddable":true,"href":"https:\/\/grizzlybear.studio56.cl\/index.php\/wp-json\/wp\/v2\/comments?post=11876"}],"wp:featuredmedia":[{"embeddable":true,"href":"https:\/\/grizzlybear.studio56.cl\/index.php\/wp-json\/wp\/v2\/media\/11877"}],"wp:attachment":[{"href":"https:\/\/grizzlybear.studio56.cl\/index.php\/wp-json\/wp\/v2\/media?parent=11876"}],"wp:term":[{"taxonomy":"product_cat","embeddable":true,"href":"https:\/\/grizzlybear.studio56.cl\/index.php\/wp-json\/wp\/v2\/product_cat?post=11876"},{"taxonomy":"product_tag","embeddable":true,"href":"https:\/\/grizzlybear.studio56.cl\/index.php\/wp-json\/wp\/v2\/product_tag?post=11876"}],"curies":[{"name":"wp","href":"https:\/\/api.w.org\/{rel}","templated":true}]}}