{"id":12096,"date":"2025-06-14T23:34:18","date_gmt":"2025-06-14T23:34:18","guid":{"rendered":"https:\/\/grizzlybear.studio56.cl\/?post_type=product&#038;p=12096"},"modified":"2025-09-18T04:13:38","modified_gmt":"2025-09-18T04:13:38","slug":"fit-protein-100-whey-grizzlybear-2-kg-pre-entreno","status":"publish","type":"product","link":"https:\/\/grizzlybear.studio56.cl\/index.php\/producto\/fit-protein-100-whey-grizzlybear-2-kg-pre-entreno\/","title":{"rendered":"FIT PROTEIN 100% WHEY GRIZZLYBEAR 2 KG + PRE ENTRENO"},"content":{"rendered":"<p>La Fit Protein de sabor imbatible es una excelente fuente de prote\u00edna; contiene 25 g de prote\u00edna de suero de leche por porci\u00f3n, lo que ayuda a la recuperaci\u00f3n muscular tras el entrenamiento y a obtener una mayor sensaci\u00f3n de saciedad.<\/p>\n<div class=\"easytabs-accordion-item\" tabindex=\"0\" role=\"tab\" aria-labelledby=\"easytabs-slide-label-8087657873710-1\" aria-selected=\"true\"><span id=\"easytabs-slide-label-8087657873710-1\" class=\"easytabs-header-text ui-tabs-anchor js-no-transition\">Caracter\u00edsticas<\/span><\/div>\n<div class=\"easytabs-content-holder\" role=\"tabpanel\" aria-labelledby=\"easytabs-slide-label-8087657873710-1\" aria-expanded=\"true\" aria-hidden=\"false\">\n<ul>\n<li>60 porciones.<\/li>\n<li>25 g de prote\u00edna por porci\u00f3n.<\/li>\n<li>Excelente fuente de prote\u00edna.<\/li>\n<li>Libre de sellos.<\/li>\n<li>Sin azucares a\u00f1adidos.<\/li>\n<li>Producto Chileno.<\/li>\n<\/ul>\n<div class=\"easytabs-accordion-item\" tabindex=\"0\" role=\"tab\" aria-labelledby=\"easytabs-slide-label-8087657873710-2\" aria-selected=\"true\"><span id=\"easytabs-slide-label-8087657873710-2\" class=\"easytabs-header-text ui-tabs-anchor js-no-transition\"><strong>MODO DE USO<\/strong><br \/>\n<\/span>Ingerir 1 scoop por 300ml de agua, leche o jugo. 1 a 3 scoop basado en tus necesidades.<\/div>\n<\/div>\n<div tabindex=\"0\" role=\"tab\" aria-labelledby=\"easytabs-slide-label-8087657873710-2\" aria-selected=\"true\">\n<h1>Masacre Preentreno Grizzly Bear<\/h1>\n<p><strong>Masacre Preentreno Grizzly Bear<\/strong>\u00a0es el aliado definitivo para quienes buscan alcanzar un rendimiento f\u00edsico superior. Dise\u00f1ado con una f\u00f3rmula avanzada y potentes ingredientes, este preentreno te proporciona un impulso explosivo de\u00a0<strong>energ\u00eda<\/strong>\u00a0y enfoque, permiti\u00e9ndote superar tus l\u00edmites en cada entrenamiento. Su efecto prolongado ayuda a retrasar la\u00a0<strong>fatiga muscular<\/strong>, mejorar la\u00a0<strong>resistencia<\/strong>\u00a0y mantener la concentraci\u00f3n en las rutinas m\u00e1s exigentes.<\/p>\n<p><strong>Masacre Preentreno<\/strong>\u00a0incorpora\u00a0<strong>Beta Alanina<\/strong>, un ingrediente clave que combate el cansancio y te ayuda a entrenar por m\u00e1s tiempo sin perder intensidad. La presencia de\u00a0<strong>L-Arginina<\/strong>\u00a0favorece la circulaci\u00f3n sangu\u00ednea, mejorando la oxigenaci\u00f3n y entrega de nutrientes a los m\u00fasculos, lo que potencia tu fuerza y recuperaci\u00f3n durante y despu\u00e9s del ejercicio. Adem\u00e1s, su contenido de\u00a0<strong>cafe\u00edna<\/strong>\u00a0y\u00a0<strong>taurina<\/strong>\u00a0te proporciona una energ\u00eda constante, mejorando tu concentraci\u00f3n mental y enfoque para que puedas mantener el ritmo en cada repetici\u00f3n.<\/p>\n<p>La f\u00f3rmula de\u00a0<strong>Masacre Preentreno Grizzly Bear<\/strong>\u00a0ha sido desarrollada para quienes buscan resultados reales. Desde el primer uso, sentir\u00e1s c\u00f3mo tu cuerpo responde con mayor explosividad y resistencia, llev\u00e1ndote a un nivel de rendimiento superior. Es ideal para entrenamientos de fuerza, resistencia o alta intensidad, adapt\u00e1ndose a tus necesidades y objetivos.<\/p>\n<h2>M\u00e9todo de empleo<\/h2>\n<p>Mezcla 1 porci\u00f3n de\u00a0<strong>Masacre Preentreno Grizzly Bear<\/strong>\u00a0(11.8 g) en 250 ml de agua fr\u00eda. Cons\u00famelo entre 20 y 30 minutos antes de entrenar para obtener los mejores resultados. No excedas 1 porci\u00f3n al d\u00eda. Evita consumirlo cerca de la hora de dormir.<\/p>\n<h2 class=\"bs-home-title\">Caracter\u00edsticas y beneficios<\/h2>\n<p><strong>Caracter\u00edsticas Principales:<\/strong><\/p>\n<ul>\n<li><strong>F\u00f3rmula avanzada y efectiva<\/strong>, dise\u00f1ada para maximizar tu energ\u00eda y enfoque durante los entrenamientos m\u00e1s exigentes.<\/li>\n<li><strong>Retrasa la fatiga muscular<\/strong>\u00a0con Beta Alanina, permitiendo sesiones m\u00e1s intensas y prolongadas sin perder rendimiento.<\/li>\n<li><strong>Impulso energ\u00e9tico inmediato<\/strong>, gracias a la combinaci\u00f3n de cafe\u00edna y taurina, que aumentan el estado de alerta y la concentraci\u00f3n.<\/li>\n<li><strong>Mejora la circulaci\u00f3n sangu\u00ednea<\/strong>\u00a0con L-Arginina, optimizando la entrega de ox\u00edgeno y nutrientes a los m\u00fasculos.<\/li>\n<li><strong>F\u00e1cil disoluci\u00f3n y sabor agradable<\/strong>, ideal para consumir antes de entrenar sin complicaciones.<\/li>\n<\/ul>\n<p><strong>Beneficios:<\/strong><\/p>\n<ul>\n<li><strong>Aumenta los niveles de energ\u00eda<\/strong>\u00a0para entrenamientos m\u00e1s efectivos y sin interrupciones.<\/li>\n<li><strong>Retrasa la fatiga f\u00edsica y mental<\/strong>, ayudando a mantener la intensidad en cada rutina.<\/li>\n<li><strong>Optimiza el rendimiento f\u00edsico<\/strong>\u00a0al mejorar la resistencia, fuerza y recuperaci\u00f3n muscular.<\/li>\n<li><strong>Incrementa el enfoque mental<\/strong>, permiti\u00e9ndote entrenar con mayor precisi\u00f3n y concentraci\u00f3n.<\/li>\n<li><strong>Potencia tus resultados<\/strong>, impulsando el desempe\u00f1o en entrenamientos de fuerza y resistencia.<\/li>\n<\/ul>\n<\/div>\n<div tabindex=\"0\" role=\"tab\" aria-labelledby=\"easytabs-slide-label-8087657873710-2\" aria-selected=\"true\"><\/div>\n","protected":false},"excerpt":{"rendered":"<p><strong>25G DE PROTEINA<\/strong>:un macronutriente que es esencial para construir masa muscular. La proteina te ayuda a mantener el musculo desarrollado dentro y fuera del gimansio.<\/p>\n<p><strong>2.5G DE LEUCINA<\/strong>:es un amino\u00e1cido que ayuda a el crecimiento, el mantenimiento y la regeneraci\u00f3n del tejido muscular trav\u00e9s de una correcta sintesis prote\u00edca. Como nuestro organismo no puede producirlo por s\u00ed mismo hay que obtenerlo a trav\u00e9s de la dieta y la suplementacion, caso en el que la Fit protein de Grizzlybear son t\u00fa mejor opci\u00f3n.<\/p>\n","protected":false},"featured_media":12365,"comment_status":"open","ping_status":"closed","template":"","meta":{"_joinchat":[]},"product_cat":[15,122,120],"product_tag":[104,103],"class_list":["post-12096","product","type-product","status-publish","has-post-thumbnail","hentry","product_cat-proteinas","product_cat-en-promocion","product_cat-proteinas-2-kg","product_tag-leucina","product_tag-proteina"],"_links":{"self":[{"href":"https:\/\/grizzlybear.studio56.cl\/index.php\/wp-json\/wp\/v2\/product\/12096","targetHints":{"allow":["GET"]}}],"collection":[{"href":"https:\/\/grizzlybear.studio56.cl\/index.php\/wp-json\/wp\/v2\/product"}],"about":[{"href":"https:\/\/grizzlybear.studio56.cl\/index.php\/wp-json\/wp\/v2\/types\/product"}],"replies":[{"embeddable":true,"href":"https:\/\/grizzlybear.studio56.cl\/index.php\/wp-json\/wp\/v2\/comments?post=12096"}],"wp:featuredmedia":[{"embeddable":true,"href":"https:\/\/grizzlybear.studio56.cl\/index.php\/wp-json\/wp\/v2\/media\/12365"}],"wp:attachment":[{"href":"https:\/\/grizzlybear.studio56.cl\/index.php\/wp-json\/wp\/v2\/media?parent=12096"}],"wp:term":[{"taxonomy":"product_cat","embeddable":true,"href":"https:\/\/grizzlybear.studio56.cl\/index.php\/wp-json\/wp\/v2\/product_cat?post=12096"},{"taxonomy":"product_tag","embeddable":true,"href":"https:\/\/grizzlybear.studio56.cl\/index.php\/wp-json\/wp\/v2\/product_tag?post=12096"}],"curies":[{"name":"wp","href":"https:\/\/api.w.org\/{rel}","templated":true}]}}